{"id":692,"date":"2018-07-17T21:20:47","date_gmt":"2018-07-17T19:20:47","guid":{"rendered":"http:\/\/www.pzsolesnica.pl\/wp\/wordpress\/?page_id=692"},"modified":"2024-10-24T14:45:42","modified_gmt":"2024-10-24T12:45:42","slug":"nocna-i-swiateczna-opieka-zdrowotna-2","status":"publish","type":"page","link":"https:\/\/www.pzsolesnica.pl\/wp\/nocna-i-swiateczna-opieka-zdrowotna-2\/","title":{"rendered":"Nocna i \u015awi\u0105teczna Opieka Zdrowotna"},"content":{"rendered":"<p>Od 1 pa\u017adziernika \u015bwiadczenia Nocnej i \u015awi\u0105tecznej Opieki Zdrowotnej na terenie powiatu ole\u015bnickiego sprawowa\u0107 b\u0119dzie Powiatowy Zesp\u00f3\u0142 Szpitali w Ole\u015bnicy.<\/p>\n<p>\u015awiadczenia udzielane b\u0119d\u0105 w pomieszczeniach znajduj\u0105cych si\u0119 w budynku:<\/p>\n<ul>\n<li>Szpital w Ole\u015bnicy przy ul. Armii Krajowej 1, tel. 71 77 67 337<\/li>\n<li>Szpital w Sycowie przy ul. Ole\u015bnickiej 25, tel. 71 77 67 400<\/li>\n<\/ul>\n<h1>Warunki przyj\u0119cia<\/h1>\n<p>Przypominamy, i\u017c z opieki lekarskiej i piel\u0119gniarskiej udzielanej w punktach nocnej i \u015bwi\u0105tecznej opieki zdrowotnej mo\u017cna skorzysta\u0107 w przypadku nag\u0142ego zachorowania lub pogorszenia stanu zdrowia, gdy:<\/p>\n<ul>\n<li>Zachodzi obawa, \u017ce oczekiwanie na otwarcie przychodni mo\u017ce znacz\u0105co niekorzystnie wp\u0142yn\u0105\u0107 na stan zdrowia<\/li>\n<li>Zastosowane \u015brodki domowe lub leki dost\u0119pne bez recepty nie przynios\u0142y spodziewanej poprawy<\/li>\n<li>Nie ma objaw\u00f3w sugeruj\u0105cych bezpo\u015bredniego zagro\u017cenia \u017cycia lub gro\u017c\u0105cym istotnym uszczerbkiem na zdrowiu<\/li>\n<\/ul>\n<h1>Udzielenie \u015bwiadcze\u0144<\/h1>\n<p style=\"text-align: center;\">Od dnia 01.05.2018r. miejsce udzielania \u015bwiadcze\u0144 zlokalizowane w szpitalu w Sycowie przy ul. Ole\u015bnickiej 23, funkcjonowa\u0107 b\u0119dzie od godz. 18:00 w pi\u0105tek do godz. 8:00 w poniedzia\u0142ek oraz od godz. 18:00 dnia poprzedzaj\u0105cego dzie\u0144 wolny od pracy do godz. 8:00 dnia po okresie \u015bwi\u0105tecznym. Jednocze\u015bnie informuj\u0119, \u017ce realizacja \u015bwiadcze\u0144 w zakresie nocnej i \u015bwi\u0105tecznej opieki zdrowotnej w szpitalu w Ole\u015bnicy nie uleg\u0142a zmianie. \u015awiadczenia udzielane s\u0105 od poniedzia\u0142ku do pi\u0105tku w godzinach od 18.00 do 8.00 dnia nast\u0119pnego oraz ca\u0142odobowo w dni ustawowo wolne od pracy.<\/p>\n","protected":false},"excerpt":{"rendered":"<p>Od 1 pa\u017adziernika \u015bwiadczenia Nocnej i \u015awi\u0105tecznej Opieki Zdrowotnej na terenie powiatu ole\u015bnickiego sprawowa\u0107 b\u0119dzie Powiatowy Zesp\u00f3\u0142 Szpitali w Ole\u015bnicy. \u015awiadczenia udzielane b\u0119d\u0105 w pomieszczeniach znajduj\u0105cych si\u0119 w budynku: Szpital w Ole\u015bnicy przy ul. Armii Krajowej 1, tel. 71 77 67 337 Szpital w Sycowie przy ul. Ole\u015bnickiej 25, tel. 71 77 67 400 Warunki &hellip; <\/p>\n<p class=\"link-more\"><a href=\"https:\/\/www.pzsolesnica.pl\/wp\/nocna-i-swiateczna-opieka-zdrowotna-2\/\" class=\"more-link\">Czytaj dalej<span class=\"screen-reader-text\"> \u201eNocna i \u015awi\u0105teczna Opieka Zdrowotna\u201d<\/span><\/a><\/p>\n","protected":false},"author":1,"featured_media":0,"parent":0,"menu_order":0,"comment_status":"closed","ping_status":"closed","template":"","meta":{"footnotes":""},"class_list":["post-692","page","type-page","status-publish","hentry"],"_links":{"self":[{"href":"https:\/\/www.pzsolesnica.pl\/wp\/wp-json\/wp\/v2\/pages\/692","targetHints":{"allow":["GET"]}}],"collection":[{"href":"https:\/\/www.pzsolesnica.pl\/wp\/wp-json\/wp\/v2\/pages"}],"about":[{"href":"https:\/\/www.pzsolesnica.pl\/wp\/wp-json\/wp\/v2\/types\/page"}],"author":[{"embeddable":true,"href":"https:\/\/www.pzsolesnica.pl\/wp\/wp-json\/wp\/v2\/users\/1"}],"replies":[{"embeddable":true,"href":"https:\/\/www.pzsolesnica.pl\/wp\/wp-json\/wp\/v2\/comments?post=692"}],"version-history":[{"count":8,"href":"https:\/\/www.pzsolesnica.pl\/wp\/wp-json\/wp\/v2\/pages\/692\/revisions"}],"predecessor-version":[{"id":7032,"href":"https:\/\/www.pzsolesnica.pl\/wp\/wp-json\/wp\/v2\/pages\/692\/revisions\/7032"}],"wp:attachment":[{"href":"https:\/\/www.pzsolesnica.pl\/wp\/wp-json\/wp\/v2\/media?parent=692"}],"curies":[{"name":"wp","href":"https:\/\/api.w.org\/{rel}","templated":true}]}}